{"id":272,"date":"2016-04-12T14:48:39","date_gmt":"2016-04-12T12:48:39","guid":{"rendered":"http:\/\/www.zix-media.de\/?page_id=272"},"modified":"2018-06-28T17:46:49","modified_gmt":"2018-06-28T15:46:49","slug":"english-referenzen","status":"publish","type":"page","link":"https:\/\/activenglish.ch\/en\/ueber-mich\/english-referenzen\/","title":{"rendered":"References"},"content":{"rendered":"<p>[vc_row][vc_column][sm_column_text]<\/p>\n<h3>References for all Cambridge Exam Courses, General English and Business Courses<\/h3>\n<p><strong>Z\u00fcrcher Lehrbetriebsverband ICT<\/strong><br \/>\nICT Berufsbildung Z\u00fcrich<br \/>\nBarbara Jasch<br \/>\nGesch\u00e4ftsf\u00fchrerin<br \/>\nEdenstrasse 20, 8045 Z\u00fcrich<br \/>\n+41 (0)44 552 8200<strong><br \/>\n<\/strong><a href=\"https:\/\/www.zli.ch\">https:\/\/www.zli.ch<\/a><\/p>\n<p><b>John Watt (formerly owner of John Watt Language Services)<\/b><br \/>\nCrete\u00a0\/\u00a0Greece<br \/>\nMobile\u00a0Switzerland: +41 (0)79 406 37 10<br \/>\nMobile Crete: \u00a0+30 (0)69 754 667 86<br \/>\n<a href=\"mailto:jtwatt@bluewin.ch\">jtwatt@bluewin.ch<\/a><\/p>\n<p><b>Patrick Hauser<\/b><br \/>\nUBP SA (Union Bancaire Priv\u00e9e)<br \/>\n<a href=\"mailto:patrick.hauser@ubp.ch\">patrick.hauser@ubp.ch<br \/>\n<\/a>+41 (0)58 819 42 52<\/p>\n<p><b>Fatzerimbach AG<\/b><br \/>\nMatthias Fatzer<br \/>\nKommunikationsberatung<br \/>\nGrubenstrasse 40<br \/>\n8045 Z\u00fcrich<br \/>\n<a href=\"mailto:contact@fatzerimbach.ch\">contact@fatzerimbach.ch<\/a><br \/>\n+41 (0)44 227 11 11<br \/>\n<a href=\"http:\/\/www.fatzerimbach.ch\" target=\"_blanK\">http:\/\/www.fatzerimbach.ch<\/a><\/p>\n<p><b>Karin Baltisberger<\/b><br \/>\nHead\u00a0of\u00a0corporate communications<br \/>\nDie Mobiliar<br \/>\nBundesgasse 35<br \/>\nCH-3001 Bern<br \/>\n+41 (0)31 389 66 86<br \/>\nkarin.baltisberger@mobiliar.ch<\/p>\n<p><strong>Ulrike Etterlin<\/strong><br \/>\nRossbergstrasse 24<br \/>\n8002 Z\u00fcrich<br \/>\n+ 41 (0)77\u00a0 411 32 27<br \/>\n<a href=\"mailto:hexetterlin@gmail.com\">hexetterlin@gmail.com<\/a><\/p>\n<p><strong>Barbara \u00a0Frauchiger \u00a0<\/strong><br \/>\nProject Manager Programme Development SRF<br \/>\n+41 (0)44 305 60 50<br \/>\n<a href=\"mailto:barbara.frauchiger@srf.ch\">barbara.frauchiger@srf.ch<\/a><\/p>\n<h3>Refereneces for children &amp; young adults<\/h3>\n<p><b>Edith Kaufmann<\/b><br \/>\n8055 Z\u00fcrich<br \/>\n+41 (0)44 451 49 01<\/p>\n<p><b>Esther Wicki<\/b><br \/>\n8904 Aesch<br \/>\n+41 (0)43 344 06 54<\/p>","protected":false},"excerpt":{"rendered":"<p>[vc_row][vc_column][sm_column_text] References for all Cambridge Exam Courses, General English and Business Courses Z\u00fcrcher Lehrbetriebsverband ICT ICT Berufsbildung Z\u00fcrich Barbara Jasch Gesch\u00e4ftsf\u00fchrerin Edenstrasse 20, 8045 Z\u00fcrich +41 (0)44 552 8200 https:\/\/www.zli.ch John Watt (formerly owner of John Watt Language Services) Crete\u00a0\/\u00a0Greece Mobile\u00a0Switzerland: +41 (0)79 406 37 10 Mobile Crete: \u00a0+30 (0)69 754 667 86 jtwatt@bluewin.ch Patrick&#8230;<\/p>\n","protected":false},"author":1,"featured_media":0,"parent":30,"menu_order":0,"comment_status":"closed","ping_status":"closed","template":"","meta":{"footnotes":""},"class_list":["post-272","page","type-page","status-publish","hentry"],"_links":{"self":[{"href":"https:\/\/activenglish.ch\/en\/wp-json\/wp\/v2\/pages\/272","targetHints":{"allow":["GET"]}}],"collection":[{"href":"https:\/\/activenglish.ch\/en\/wp-json\/wp\/v2\/pages"}],"about":[{"href":"https:\/\/activenglish.ch\/en\/wp-json\/wp\/v2\/types\/page"}],"author":[{"embeddable":true,"href":"https:\/\/activenglish.ch\/en\/wp-json\/wp\/v2\/users\/1"}],"replies":[{"embeddable":true,"href":"https:\/\/activenglish.ch\/en\/wp-json\/wp\/v2\/comments?post=272"}],"version-history":[{"count":36,"href":"https:\/\/activenglish.ch\/en\/wp-json\/wp\/v2\/pages\/272\/revisions"}],"predecessor-version":[{"id":695,"href":"https:\/\/activenglish.ch\/en\/wp-json\/wp\/v2\/pages\/272\/revisions\/695"}],"up":[{"embeddable":true,"href":"https:\/\/activenglish.ch\/en\/wp-json\/wp\/v2\/pages\/30"}],"wp:attachment":[{"href":"https:\/\/activenglish.ch\/en\/wp-json\/wp\/v2\/media?parent=272"}],"curies":[{"name":"wp","href":"https:\/\/api.w.org\/{rel}","templated":true}]}}